{"id":196,"date":"2026-02-03T13:39:16","date_gmt":"2026-02-03T13:39:16","guid":{"rendered":"https:\/\/redclean.fr\/?page_id=196"},"modified":"2026-05-01T15:15:41","modified_gmt":"2026-05-01T15:15:41","slug":"contact","status":"publish","type":"page","link":"https:\/\/redclean.fr\/index.php\/contact\/","title":{"rendered":"Contact"},"content":{"rendered":"\t\t<div data-elementor-type=\"wp-page\" data-elementor-id=\"196\" class=\"elementor elementor-196\">\n\t\t\t\t<div class=\"elementor-element elementor-element-1167522a e-con-full e-flex e-con e-parent\" data-id=\"1167522a\" data-element_type=\"container\" data-settings=\"{&quot;background_background&quot;:&quot;classic&quot;}\">\n\t\t<div class=\"elementor-element elementor-element-4d24ef7 e-flex e-con-boxed e-con e-child\" data-id=\"4d24ef7\" data-element_type=\"container\">\n\t\t\t\t\t<div class=\"e-con-inner\">\n\t\t\t\t<div class=\"elementor-element elementor-element-ef87874 elementor-widget elementor-widget-heading\" data-id=\"ef87874\" data-element_type=\"widget\" data-widget_type=\"heading.default\">\n\t\t\t\t\t<h2 class=\"elementor-heading-title elementor-size-default\">Contact &amp; Devis<\/h2>\t\t\t\t<\/div>\n\t\t\t\t<div class=\"elementor-element elementor-element-6fecae13 elementor-widget elementor-widget-spacer\" data-id=\"6fecae13\" data-element_type=\"widget\" data-widget_type=\"spacer.default\">\n\t\t\t\t\t\t\t<div class=\"elementor-spacer\">\n\t\t\t<div class=\"elementor-spacer-inner\"><\/div>\n\t\t<\/div>\n\t\t\t\t\t\t<\/div>\n\t\t\t\t<div class=\"elementor-element elementor-element-e41e6bb elementor-widget elementor-widget-image\" data-id=\"e41e6bb\" data-element_type=\"widget\" data-widget_type=\"image.default\">\n\t\t\t\t\t\t\t\t\t\t\t\t\t\t\t<img fetchpriority=\"high\" decoding=\"async\" width=\"1024\" height=\"683\" src=\"https:\/\/redclean.fr\/wp-content\/uploads\/2026\/02\/4e68d607-1e32-46eb-b306-51e368d56487-1024x683.png\" class=\"attachment-large size-large wp-image-101\" alt=\"\" srcset=\"https:\/\/redclean.fr\/wp-content\/uploads\/2026\/02\/4e68d607-1e32-46eb-b306-51e368d56487-1024x683.png 1024w, https:\/\/redclean.fr\/wp-content\/uploads\/2026\/02\/4e68d607-1e32-46eb-b306-51e368d56487-300x200.png 300w, https:\/\/redclean.fr\/wp-content\/uploads\/2026\/02\/4e68d607-1e32-46eb-b306-51e368d56487-768x512.png 768w, https:\/\/redclean.fr\/wp-content\/uploads\/2026\/02\/4e68d607-1e32-46eb-b306-51e368d56487.png 1536w\" sizes=\"(max-width: 1024px) 100vw, 1024px\" \/>\t\t\t\t\t\t\t\t\t\t\t\t\t\t\t<\/div>\n\t\t\t\t\t<\/div>\n\t\t\t\t<\/div>\n\t\t\t\t<\/div>\n\t\t<div class=\"elementor-element elementor-element-5488d78d e-flex e-con-boxed e-con e-parent\" data-id=\"5488d78d\" data-element_type=\"container\">\n\t\t\t\t\t<div class=\"e-con-inner\">\n\t\t<div class=\"elementor-element elementor-element-36c21bf e-con-full e-flex e-con e-child\" data-id=\"36c21bf\" data-element_type=\"container\">\n\t\t\t\t<div class=\"elementor-element elementor-element-3df22b22 elementor-view-stacked elementor-shape-circle elementor-position-block-start elementor-mobile-position-block-start elementor-widget elementor-widget-icon-box\" data-id=\"3df22b22\" data-element_type=\"widget\" data-widget_type=\"icon-box.default\">\n\t\t\t\t\t\t\t<div class=\"elementor-icon-box-wrapper\">\n\n\t\t\t\t\t\t<div class=\"elementor-icon-box-icon\">\n\t\t\t\t<span  class=\"elementor-icon\">\n\t\t\t\t<svg aria-hidden=\"true\" class=\"e-font-icon-svg e-fas-map-marker-alt\" viewBox=\"0 0 384 512\" xmlns=\"http:\/\/www.w3.org\/2000\/svg\"><path d=\"M172.268 501.67C26.97 291.031 0 269.413 0 192 0 85.961 85.961 0 192 0s192 85.961 192 192c0 77.413-26.97 99.031-172.268 309.67-9.535 13.774-29.93 13.773-39.464 0zM192 272c44.183 0 80-35.817 80-80s-35.817-80-80-80-80 35.817-80 80 35.817 80 80 80z\"><\/path><\/svg>\t\t\t\t<\/span>\n\t\t\t<\/div>\n\t\t\t\n\t\t\t\t\t\t<div class=\"elementor-icon-box-content\">\n\n\t\t\t\t\t\t\t\t\t<h2 class=\"elementor-icon-box-title\">\n\t\t\t\t\t\t<span  >\n\t\t\t\t\t\t\tAdresse\t\t\t\t\t\t<\/span>\n\t\t\t\t\t<\/h2>\n\t\t\t\t\n\t\t\t\t\t\t\t\t\t<p class=\"elementor-icon-box-description\">\n\t\t\t\t\t\t68 Mulhouse et 67 Strasbourg Haguenau S\u00e9lestat\t\t\t\t\t<\/p>\n\t\t\t\t\n\t\t\t<\/div>\n\t\t\t\n\t\t<\/div>\n\t\t\t\t\t\t<\/div>\n\t\t\t\t<\/div>\n\t\t<div class=\"elementor-element elementor-element-39c0c862 e-con-full e-flex e-con e-child\" data-id=\"39c0c862\" data-element_type=\"container\">\n\t\t\t\t<div class=\"elementor-element elementor-element-140ee6e5 elementor-view-stacked elementor-shape-circle elementor-position-block-start elementor-mobile-position-block-start elementor-widget elementor-widget-icon-box\" data-id=\"140ee6e5\" data-element_type=\"widget\" data-widget_type=\"icon-box.default\">\n\t\t\t\t\t\t\t<div class=\"elementor-icon-box-wrapper\">\n\n\t\t\t\t\t\t<div class=\"elementor-icon-box-icon\">\n\t\t\t\t<span  class=\"elementor-icon\">\n\t\t\t\t<svg aria-hidden=\"true\" class=\"e-font-icon-svg e-fas-phone\" viewBox=\"0 0 512 512\" xmlns=\"http:\/\/www.w3.org\/2000\/svg\"><path d=\"M493.4 24.6l-104-24c-11.3-2.6-22.9 3.3-27.5 13.9l-48 112c-4.2 9.8-1.4 21.3 6.9 28l60.6 49.6c-36 76.7-98.9 140.5-177.2 177.2l-49.6-60.6c-6.8-8.3-18.2-11.1-28-6.9l-112 48C3.9 366.5-2 378.1.6 389.4l24 104C27.1 504.2 36.7 512 48 512c256.1 0 464-207.5 464-464 0-11.2-7.7-20.9-18.6-23.4z\"><\/path><\/svg>\t\t\t\t<\/span>\n\t\t\t<\/div>\n\t\t\t\n\t\t\t\t\t\t<div class=\"elementor-icon-box-content\">\n\n\t\t\t\t\t\t\t\t\t<h2 class=\"elementor-icon-box-title\">\n\t\t\t\t\t\t<span  >\n\t\t\t\t\t\t\tT\u00e9l\u00e9phone\t\t\t\t\t\t<\/span>\n\t\t\t\t\t<\/h2>\n\t\t\t\t\n\t\t\t\t\t\t\t\t\t<p class=\"elementor-icon-box-description\">\n\t\t\t\t\t\t0758915161\t\t\t\t\t<\/p>\n\t\t\t\t\n\t\t\t<\/div>\n\t\t\t\n\t\t<\/div>\n\t\t\t\t\t\t<\/div>\n\t\t\t\t<\/div>\n\t\t<div class=\"elementor-element elementor-element-651b2334 e-con-full e-flex e-con e-child\" data-id=\"651b2334\" data-element_type=\"container\">\n\t\t\t\t<div class=\"elementor-element elementor-element-246d107 elementor-view-stacked elementor-shape-circle elementor-position-block-start elementor-mobile-position-block-start elementor-widget elementor-widget-icon-box\" data-id=\"246d107\" data-element_type=\"widget\" data-widget_type=\"icon-box.default\">\n\t\t\t\t\t\t\t<div class=\"elementor-icon-box-wrapper\">\n\n\t\t\t\t\t\t<div class=\"elementor-icon-box-icon\">\n\t\t\t\t<span  class=\"elementor-icon\">\n\t\t\t\t<svg aria-hidden=\"true\" class=\"e-font-icon-svg e-fas-mail-bulk\" viewBox=\"0 0 576 512\" xmlns=\"http:\/\/www.w3.org\/2000\/svg\"><path d=\"M160 448c-25.6 0-51.2-22.4-64-32-64-44.8-83.2-60.8-96-70.4V480c0 17.67 14.33 32 32 32h256c17.67 0 32-14.33 32-32V345.6c-12.8 9.6-32 25.6-96 70.4-12.8 9.6-38.4 32-64 32zm128-192H32c-17.67 0-32 14.33-32 32v16c25.6 19.2 22.4 19.2 115.2 86.4 9.6 6.4 28.8 25.6 44.8 25.6s35.2-19.2 44.8-22.4c92.8-67.2 89.6-67.2 115.2-86.4V288c0-17.67-14.33-32-32-32zm256-96H224c-17.67 0-32 14.33-32 32v32h96c33.21 0 60.59 25.42 63.71 57.82l.29-.22V416h192c17.67 0 32-14.33 32-32V192c0-17.67-14.33-32-32-32zm-32 128h-64v-64h64v64zm-352-96c0-35.29 28.71-64 64-64h224V32c0-17.67-14.33-32-32-32H96C78.33 0 64 14.33 64 32v192h96v-32z\"><\/path><\/svg>\t\t\t\t<\/span>\n\t\t\t<\/div>\n\t\t\t\n\t\t\t\t\t\t<div class=\"elementor-icon-box-content\">\n\n\t\t\t\t\t\t\t\t\t<h2 class=\"elementor-icon-box-title\">\n\t\t\t\t\t\t<span  >\n\t\t\t\t\t\t\tAdresse Email\t\t\t\t\t\t<\/span>\n\t\t\t\t\t<\/h2>\n\t\t\t\t\n\t\t\t\t\t\t\t\t\t<p class=\"elementor-icon-box-description\">\n\t\t\t\t\t\tContact@redclean.fr\t\t\t\t\t<\/p>\n\t\t\t\t\n\t\t\t<\/div>\n\t\t\t\n\t\t<\/div>\n\t\t\t\t\t\t<\/div>\n\t\t\t\t<\/div>\n\t\t\t\t\t<\/div>\n\t\t\t\t<\/div>\n\t\t<div class=\"elementor-element elementor-element-cc45138 e-flex e-con-boxed e-con e-parent\" data-id=\"cc45138\" data-element_type=\"container\">\n\t\t\t\t\t<div class=\"e-con-inner\">\n\t\t\t\t<div class=\"elementor-element elementor-element-e5279b9 elementor-widget elementor-widget-shortcode\" data-id=\"e5279b9\" data-element_type=\"widget\" data-widget_type=\"shortcode.default\">\n\t\t\t\t\t\t\t<div class=\"elementor-shortcode\"><style id=\"wpforms-css-vars-559\">\n\t\t\t\t#wpforms-559 {\n\t\t\t\t--wpforms-field-border-radius: 0px;\n--wpforms-field-border-color: #cccccc;\n--wpforms-field-border-color-spare: #cccccc;\n--wpforms-field-text-color: #444444;\n--wpforms-label-color: #262626;\n--wpforms-label-sublabel-color: #7f7f7f;\n--wpforms-label-error-color: #ff0000;\n--wpforms-button-border-style: solid;\n--wpforms-button-border-radius: 0px;\n--wpforms-button-background-color: #dddddd;\n--wpforms-button-border-color: #cccccc;\n--wpforms-button-text-color: #666666;\n--wpforms-container-padding: 0px;\n--wpforms-container-border-width: 1px;\n--wpforms-container-border-radius: 3px;\n--wpforms-background-color: rgba(0, 0, 0, 0);\n--wpforms-page-break-color: #dddddd;\n--wpforms-field-size-input-height: 43px;\n--wpforms-field-size-input-spacing: 15px;\n--wpforms-field-size-font-size: 16px;\n--wpforms-field-size-line-height: 19px;\n--wpforms-field-size-padding-h: 14px;\n--wpforms-field-size-checkbox-size: 16px;\n--wpforms-field-size-sublabel-spacing: 5px;\n--wpforms-field-size-icon-size: 1;\n--wpforms-label-size-font-size: 14px;\n--wpforms-label-size-line-height: 17px;\n--wpforms-label-size-sublabel-font-size: 13px;\n--wpforms-label-size-sublabel-line-height: 16px;\n--wpforms-button-size-font-size: 17px;\n--wpforms-button-size-height: 41px;\n--wpforms-button-size-padding-h: 15px;\n--wpforms-button-size-margin-top: 10px;\n--wpforms-container-shadow-size-box-shadow: none;\n\t\t\t}\n\t\t\t<\/style><div class=\"wpforms-container wpforms-container-full wpforms-render-modern\" id=\"wpforms-559\"><form id=\"wpforms-form-559\" class=\"wpforms-validate wpforms-form wpforms-ajax-form\" data-formid=\"559\" method=\"post\" enctype=\"multipart\/form-data\" action=\"\/index.php\/wp-json\/wp\/v2\/pages\/196\" data-token=\"66935008c495fa48460da4140dae00be\" data-token-time=\"1779017524\"><noscript class=\"wpforms-error-noscript\">Veuillez activer JavaScript dans votre navigateur pour remplir ce formulaire.<\/noscript><div id=\"wpforms-error-noscript\" style=\"display: none;\">Veuillez activer JavaScript dans votre navigateur pour remplir ce formulaire.<\/div><div class=\"wpforms-field-container\">\t\t<div id=\"wpforms-559-field_5-container\"\n\t\t\tclass=\"wpforms-field wpforms-field-text\"\n\t\t\tdata-field-type=\"text\"\n\t\t\tdata-field-id=\"5\"\n\t\t\t>\n\t\t\t<label class=\"wpforms-field-label\" for=\"wpforms-559-field_5\" >E-mail Nom ou<\/label>\n\t\t\t<input type=\"text\" id=\"wpforms-559-field_5\" class=\"wpforms-field-medium\" name=\"wpforms[fields][5]\" >\n\t\t<\/div>\n\t\t<div id=\"wpforms-559-field_1-container\" class=\"wpforms-field wpforms-field-name\" data-field-id=\"1\"><fieldset><legend class=\"wpforms-field-label\">Nom <span class=\"wpforms-required-label\" aria-hidden=\"true\">*<\/span><\/legend><div class=\"wpforms-field-row wpforms-field-medium\"><div class=\"wpforms-field-row-block wpforms-first wpforms-one-half\"><input type=\"text\" id=\"wpforms-559-field_1\" class=\"wpforms-field-name-first wpforms-field-required\" name=\"wpforms[fields][1][first]\" aria-errormessage=\"wpforms-559-field_1-error\" required><label for=\"wpforms-559-field_1\" class=\"wpforms-field-sublabel after\">Pr\u00e9nom<\/label><\/div><div class=\"wpforms-field-row-block wpforms-one-half\"><input type=\"text\" id=\"wpforms-559-field_1-last\" class=\"wpforms-field-name-last wpforms-field-required\" name=\"wpforms[fields][1][last]\" aria-errormessage=\"wpforms-559-field_1-last-error\" required><label for=\"wpforms-559-field_1-last\" class=\"wpforms-field-sublabel after\">Nom<\/label><\/div><\/div><\/fieldset><\/div><div id=\"wpforms-559-field_4-container\" class=\"wpforms-field wpforms-field-select wpforms-field-select-style-classic\" data-field-id=\"4\"><label class=\"wpforms-field-label\" for=\"wpforms-559-field_4\">Contact RedClean<\/label><select id=\"wpforms-559-field_4\" class=\"wpforms-field-small\" name=\"wpforms[fields][4]\"><option value=\"Rongeur\"  selected='selected' class=\"choice-1 depth-1\"  >Rongeur<\/option><option value=\"D\u00e9sinsectisation\"  class=\"choice-2 depth-1\"  >D\u00e9sinsectisation<\/option><option value=\"D\u00e9sinfection\"  class=\"choice-3 depth-1\"  >D\u00e9sinfection<\/option><\/select><\/div><div id=\"wpforms-559-field_2-container\" class=\"wpforms-field wpforms-field-email\" data-field-id=\"2\"><label class=\"wpforms-field-label\" for=\"wpforms-559-field_2\">E-mail <span class=\"wpforms-required-label\" aria-hidden=\"true\">*<\/span><\/label><input type=\"email\" id=\"wpforms-559-field_2\" class=\"wpforms-field-small wpforms-field-required\" name=\"wpforms[fields][2]\" placeholder=\"johndoe@societe.fr\" spellcheck=\"false\" aria-errormessage=\"wpforms-559-field_2-error\" required><\/div><div id=\"wpforms-559-field_3-container\" class=\"wpforms-field wpforms-field-textarea\" data-field-id=\"3\"><label class=\"wpforms-field-label\" for=\"wpforms-559-field_3\">Commentaire ou message<\/label><textarea id=\"wpforms-559-field_3\" class=\"wpforms-field-medium\" name=\"wpforms[fields][3]\" aria-errormessage=\"wpforms-559-field_3-error\" ><\/textarea><\/div><script>\n\t\t\t\t( function() {\n\t\t\t\t\tconst style = document.createElement( 'style' );\n\t\t\t\t\tstyle.appendChild( document.createTextNode( '#wpforms-559-field_5-container { position: absolute !important; overflow: hidden !important; display: inline !important; height: 1px !important; width: 1px !important; z-index: -1000 !important; padding: 0 !important; } #wpforms-559-field_5-container input { visibility: hidden; } #wpforms-conversational-form-page #wpforms-559-field_5-container label { counter-increment: none; }' ) );\n\t\t\t\t\tdocument.head.appendChild( style );\n\t\t\t\t\tdocument.currentScript?.remove();\n\t\t\t\t} )();\n\t\t\t<\/script><\/div><!-- .wpforms-field-container --><div class=\"wpforms-submit-container\" ><input type=\"hidden\" name=\"wpforms[id]\" value=\"559\"><input type=\"hidden\" name=\"page_title\" value=\"\"><input type=\"hidden\" name=\"page_url\" value=\"https:\/\/redclean.fr\/index.php\/wp-json\/wp\/v2\/pages\/196\"><input type=\"hidden\" name=\"url_referer\" value=\"\"><button type=\"submit\" name=\"wpforms[submit]\" id=\"wpforms-submit-559\" class=\"wpforms-submit\" data-alt-text=\"Envoi...\" data-submit-text=\"Envoyer\" aria-live=\"assertive\" value=\"wpforms-submit\">Envoyer<\/button><img decoding=\"async\" src=\"https:\/\/redclean.fr\/wp-content\/plugins\/wpforms-lite\/assets\/images\/submit-spin.svg\" class=\"wpforms-submit-spinner\" style=\"display: none;\" width=\"26\" height=\"26\" alt=\"Chargement en cours\"><\/div><\/form><\/div>  <!-- .wpforms-container --><\/div>\n\t\t\t\t\t\t<\/div>\n\t\t\t\t\t<\/div>\n\t\t\t\t<\/div>\n\t\t<div class=\"elementor-element elementor-element-3581136 e-con-full e-flex e-con e-parent\" data-id=\"3581136\" data-element_type=\"container\">\n\t\t<div class=\"elementor-element elementor-element-df150f5 e-con-full e-flex e-con e-child\" data-id=\"df150f5\" data-element_type=\"container\" data-settings=\"{&quot;background_background&quot;:&quot;classic&quot;}\">\n\t\t<div class=\"elementor-element elementor-element-1338e6a e-con-full e-flex e-con e-child\" data-id=\"1338e6a\" data-element_type=\"container\">\n\t\t\t\t<div class=\"elementor-element elementor-element-da0caf5 elementor-widget elementor-widget-heading\" data-id=\"da0caf5\" data-element_type=\"widget\" data-widget_type=\"heading.default\">\n\t\t\t\t\t<h4 class=\"elementor-heading-title elementor-size-default\">Liens utiles<\/h4>\t\t\t\t<\/div>\n\t\t\t\t<div class=\"elementor-element elementor-element-2ec330a elementor-widget elementor-widget-text-editor\" data-id=\"2ec330a\" data-element_type=\"widget\" data-widget_type=\"text-editor.default\">\n\t\t\t\t\t\t\t\t\t<ul>\n \t<li><strong><a href=\"https:\/\/redclean.fr\/index.php\/rgpd\">RGPD<\/a><\/strong><\/li>\n \t<li><strong><a href=\"https:\/\/redclean.fr\/index.php\/mentions-legal\/\">Mentions l\u00e9gales<\/a><\/strong><\/li>\n \t<li><strong><a href=\"https:\/\/redclean.fr\/index.php\/cgu\/\">CGU<\/a><\/strong><\/li>\n \t<li><strong><a href=\"https:\/\/redclean.fr\/index.php\/politique-de-confidentialite\/\">Politique de confidentialit\u00e9<\/a><\/strong><\/li>\n<\/ul>\n<span style=\"text-decoration: underline;\">\n<strong>\u00a9 Copyright 2026 Fyreworks<\/strong>\n<\/span>\t\t\t\t\t\t\t\t<\/div>\n\t\t\t\t<\/div>\n\t\t\t\t<\/div>\n\t\t\t\t<\/div>\n\t\t\t\t<\/div>\n\t\t","protected":false},"excerpt":{"rendered":"<p>Contact &amp; Devis Adresse 68 Mulhouse et 67 Strasbourg Haguenau S\u00e9lestat T\u00e9l\u00e9phone 0758915161 Adresse Email Contact@redclean.fr Liens utiles RGPD Mentions l\u00e9gales CGU Politique de confidentialit\u00e9 \u00a9 Copyright 2026 Fyreworks<\/p>\n","protected":false},"author":1,"featured_media":0,"parent":0,"menu_order":0,"comment_status":"closed","ping_status":"closed","template":"","meta":{"footnotes":""},"class_list":["post-196","page","type-page","status-publish","hentry"],"blocksy_meta":[],"yoast_head":"<!-- This site is optimized with the Yoast SEO plugin v27.5 - https:\/\/yoast.com\/product\/yoast-seo-wordpress\/ -->\n<title>Contact - RedClean<\/title>\n<meta name=\"robots\" content=\"index, follow, max-snippet:-1, max-image-preview:large, max-video-preview:-1\" \/>\n<link rel=\"canonical\" href=\"https:\/\/redclean.fr\/index.php\/contact\/\" \/>\n<meta property=\"og:locale\" content=\"fr_FR\" \/>\n<meta property=\"og:type\" content=\"article\" \/>\n<meta property=\"og:title\" content=\"Contact - RedClean\" \/>\n<meta property=\"og:description\" content=\"Contact &amp; Devis Adresse 68 Mulhouse et 67 Strasbourg Haguenau S\u00e9lestat T\u00e9l\u00e9phone 0758915161 Adresse Email Contact@redclean.fr Liens utiles RGPD Mentions l\u00e9gales CGU Politique de confidentialit\u00e9 \u00a9 Copyright 2026 Fyreworks\" \/>\n<meta property=\"og:url\" content=\"https:\/\/redclean.fr\/index.php\/contact\/\" \/>\n<meta property=\"og:site_name\" content=\"RedClean\" \/>\n<meta property=\"article:modified_time\" content=\"2026-05-01T15:15:41+00:00\" \/>\n<meta property=\"og:image\" content=\"https:\/\/redclean.fr\/wp-content\/uploads\/2026\/02\/4e68d607-1e32-46eb-b306-51e368d56487-1024x683.png\" \/>\n\t<meta property=\"og:image:width\" content=\"1024\" \/>\n\t<meta property=\"og:image:height\" content=\"683\" \/>\n\t<meta property=\"og:image:type\" content=\"image\/png\" \/>\n<meta name=\"twitter:card\" content=\"summary_large_image\" \/>\n<meta name=\"twitter:label1\" content=\"Dur\u00e9e de lecture estim\u00e9e\" \/>\n\t<meta name=\"twitter:data1\" content=\"1 minute\" \/>\n<script type=\"application\/ld+json\" class=\"yoast-schema-graph\">{\"@context\":\"https:\\\/\\\/schema.org\",\"@graph\":[{\"@type\":\"WebPage\",\"@id\":\"https:\\\/\\\/redclean.fr\\\/index.php\\\/contact\\\/\",\"url\":\"https:\\\/\\\/redclean.fr\\\/index.php\\\/contact\\\/\",\"name\":\"Contact - RedClean\",\"isPartOf\":{\"@id\":\"https:\\\/\\\/redclean.fr\\\/#website\"},\"primaryImageOfPage\":{\"@id\":\"https:\\\/\\\/redclean.fr\\\/index.php\\\/contact\\\/#primaryimage\"},\"image\":{\"@id\":\"https:\\\/\\\/redclean.fr\\\/index.php\\\/contact\\\/#primaryimage\"},\"thumbnailUrl\":\"https:\\\/\\\/redclean.fr\\\/wp-content\\\/uploads\\\/2026\\\/02\\\/4e68d607-1e32-46eb-b306-51e368d56487-1024x683.png\",\"datePublished\":\"2026-02-03T13:39:16+00:00\",\"dateModified\":\"2026-05-01T15:15:41+00:00\",\"breadcrumb\":{\"@id\":\"https:\\\/\\\/redclean.fr\\\/index.php\\\/contact\\\/#breadcrumb\"},\"inLanguage\":\"fr-FR\",\"potentialAction\":[{\"@type\":\"ReadAction\",\"target\":[\"https:\\\/\\\/redclean.fr\\\/index.php\\\/contact\\\/\"]}]},{\"@type\":\"ImageObject\",\"inLanguage\":\"fr-FR\",\"@id\":\"https:\\\/\\\/redclean.fr\\\/index.php\\\/contact\\\/#primaryimage\",\"url\":\"https:\\\/\\\/redclean.fr\\\/wp-content\\\/uploads\\\/2026\\\/02\\\/4e68d607-1e32-46eb-b306-51e368d56487.png\",\"contentUrl\":\"https:\\\/\\\/redclean.fr\\\/wp-content\\\/uploads\\\/2026\\\/02\\\/4e68d607-1e32-46eb-b306-51e368d56487.png\",\"width\":1536,\"height\":1024},{\"@type\":\"BreadcrumbList\",\"@id\":\"https:\\\/\\\/redclean.fr\\\/index.php\\\/contact\\\/#breadcrumb\",\"itemListElement\":[{\"@type\":\"ListItem\",\"position\":1,\"name\":\"Accueil\",\"item\":\"https:\\\/\\\/redclean.fr\\\/\"},{\"@type\":\"ListItem\",\"position\":2,\"name\":\"Contact\"}]},{\"@type\":\"WebSite\",\"@id\":\"https:\\\/\\\/redclean.fr\\\/#website\",\"url\":\"https:\\\/\\\/redclean.fr\\\/\",\"name\":\"RedClean\",\"description\":\"\",\"publisher\":{\"@id\":\"https:\\\/\\\/redclean.fr\\\/#organization\"},\"potentialAction\":[{\"@type\":\"SearchAction\",\"target\":{\"@type\":\"EntryPoint\",\"urlTemplate\":\"https:\\\/\\\/redclean.fr\\\/?s={search_term_string}\"},\"query-input\":{\"@type\":\"PropertyValueSpecification\",\"valueRequired\":true,\"valueName\":\"search_term_string\"}}],\"inLanguage\":\"fr-FR\"},{\"@type\":\"Organization\",\"@id\":\"https:\\\/\\\/redclean.fr\\\/#organization\",\"name\":\"RedClean\",\"url\":\"https:\\\/\\\/redclean.fr\\\/\",\"logo\":{\"@type\":\"ImageObject\",\"inLanguage\":\"fr-FR\",\"@id\":\"https:\\\/\\\/redclean.fr\\\/#\\\/schema\\\/logo\\\/image\\\/\",\"url\":\"https:\\\/\\\/redclean.fr\\\/wp-content\\\/uploads\\\/2026\\\/01\\\/redclean-logo.png\",\"contentUrl\":\"https:\\\/\\\/redclean.fr\\\/wp-content\\\/uploads\\\/2026\\\/01\\\/redclean-logo.png\",\"width\":500,\"height\":333,\"caption\":\"RedClean\"},\"image\":{\"@id\":\"https:\\\/\\\/redclean.fr\\\/#\\\/schema\\\/logo\\\/image\\\/\"}}]}<\/script>\n<!-- \/ Yoast SEO plugin. -->","yoast_head_json":{"title":"Contact - RedClean","robots":{"index":"index","follow":"follow","max-snippet":"max-snippet:-1","max-image-preview":"max-image-preview:large","max-video-preview":"max-video-preview:-1"},"canonical":"https:\/\/redclean.fr\/index.php\/contact\/","og_locale":"fr_FR","og_type":"article","og_title":"Contact - RedClean","og_description":"Contact &amp; Devis Adresse 68 Mulhouse et 67 Strasbourg Haguenau S\u00e9lestat T\u00e9l\u00e9phone 0758915161 Adresse Email Contact@redclean.fr Liens utiles RGPD Mentions l\u00e9gales CGU Politique de confidentialit\u00e9 \u00a9 Copyright 2026 Fyreworks","og_url":"https:\/\/redclean.fr\/index.php\/contact\/","og_site_name":"RedClean","article_modified_time":"2026-05-01T15:15:41+00:00","og_image":[{"width":1024,"height":683,"url":"https:\/\/redclean.fr\/wp-content\/uploads\/2026\/02\/4e68d607-1e32-46eb-b306-51e368d56487-1024x683.png","type":"image\/png"}],"twitter_card":"summary_large_image","twitter_misc":{"Dur\u00e9e de lecture estim\u00e9e":"1 minute"},"schema":{"@context":"https:\/\/schema.org","@graph":[{"@type":"WebPage","@id":"https:\/\/redclean.fr\/index.php\/contact\/","url":"https:\/\/redclean.fr\/index.php\/contact\/","name":"Contact - RedClean","isPartOf":{"@id":"https:\/\/redclean.fr\/#website"},"primaryImageOfPage":{"@id":"https:\/\/redclean.fr\/index.php\/contact\/#primaryimage"},"image":{"@id":"https:\/\/redclean.fr\/index.php\/contact\/#primaryimage"},"thumbnailUrl":"https:\/\/redclean.fr\/wp-content\/uploads\/2026\/02\/4e68d607-1e32-46eb-b306-51e368d56487-1024x683.png","datePublished":"2026-02-03T13:39:16+00:00","dateModified":"2026-05-01T15:15:41+00:00","breadcrumb":{"@id":"https:\/\/redclean.fr\/index.php\/contact\/#breadcrumb"},"inLanguage":"fr-FR","potentialAction":[{"@type":"ReadAction","target":["https:\/\/redclean.fr\/index.php\/contact\/"]}]},{"@type":"ImageObject","inLanguage":"fr-FR","@id":"https:\/\/redclean.fr\/index.php\/contact\/#primaryimage","url":"https:\/\/redclean.fr\/wp-content\/uploads\/2026\/02\/4e68d607-1e32-46eb-b306-51e368d56487.png","contentUrl":"https:\/\/redclean.fr\/wp-content\/uploads\/2026\/02\/4e68d607-1e32-46eb-b306-51e368d56487.png","width":1536,"height":1024},{"@type":"BreadcrumbList","@id":"https:\/\/redclean.fr\/index.php\/contact\/#breadcrumb","itemListElement":[{"@type":"ListItem","position":1,"name":"Accueil","item":"https:\/\/redclean.fr\/"},{"@type":"ListItem","position":2,"name":"Contact"}]},{"@type":"WebSite","@id":"https:\/\/redclean.fr\/#website","url":"https:\/\/redclean.fr\/","name":"RedClean","description":"","publisher":{"@id":"https:\/\/redclean.fr\/#organization"},"potentialAction":[{"@type":"SearchAction","target":{"@type":"EntryPoint","urlTemplate":"https:\/\/redclean.fr\/?s={search_term_string}"},"query-input":{"@type":"PropertyValueSpecification","valueRequired":true,"valueName":"search_term_string"}}],"inLanguage":"fr-FR"},{"@type":"Organization","@id":"https:\/\/redclean.fr\/#organization","name":"RedClean","url":"https:\/\/redclean.fr\/","logo":{"@type":"ImageObject","inLanguage":"fr-FR","@id":"https:\/\/redclean.fr\/#\/schema\/logo\/image\/","url":"https:\/\/redclean.fr\/wp-content\/uploads\/2026\/01\/redclean-logo.png","contentUrl":"https:\/\/redclean.fr\/wp-content\/uploads\/2026\/01\/redclean-logo.png","width":500,"height":333,"caption":"RedClean"},"image":{"@id":"https:\/\/redclean.fr\/#\/schema\/logo\/image\/"}}]}},"_links":{"self":[{"href":"https:\/\/redclean.fr\/index.php\/wp-json\/wp\/v2\/pages\/196","targetHints":{"allow":["GET"]}}],"collection":[{"href":"https:\/\/redclean.fr\/index.php\/wp-json\/wp\/v2\/pages"}],"about":[{"href":"https:\/\/redclean.fr\/index.php\/wp-json\/wp\/v2\/types\/page"}],"author":[{"embeddable":true,"href":"https:\/\/redclean.fr\/index.php\/wp-json\/wp\/v2\/users\/1"}],"replies":[{"embeddable":true,"href":"https:\/\/redclean.fr\/index.php\/wp-json\/wp\/v2\/comments?post=196"}],"version-history":[{"count":46,"href":"https:\/\/redclean.fr\/index.php\/wp-json\/wp\/v2\/pages\/196\/revisions"}],"predecessor-version":[{"id":1090,"href":"https:\/\/redclean.fr\/index.php\/wp-json\/wp\/v2\/pages\/196\/revisions\/1090"}],"wp:attachment":[{"href":"https:\/\/redclean.fr\/index.php\/wp-json\/wp\/v2\/media?parent=196"}],"curies":[{"name":"wp","href":"https:\/\/api.w.org\/{rel}","templated":true}]}}